{"id":76,"date":"2023-05-30T07:52:36","date_gmt":"2023-05-30T05:52:36","guid":{"rendered":"https:\/\/osteopatialeku.eus\/?page_id=76"},"modified":"2023-06-12T11:35:40","modified_gmt":"2023-06-12T09:35:40","slug":"politica-de-cookies","status":"publish","type":"page","link":"https:\/\/osteopatialeku.eus\/es\/politica-de-cookies\/","title":{"rendered":"Pol\u00edtica de Cookies"},"content":{"rendered":"<section class=\"l-section wpb_row height_medium\"><div class=\"l-section-h i-cf\"><div class=\"g-cols vc_row via_flex valign_top type_default stacking_default\"><div class=\"vc_col-sm-12 wpb_column vc_column_container\"><div class=\"vc_column-inner\"><div class=\"wpb_wrapper\"><h2 class=\"w-post-elm post_title entry-title color_link_inherit\">Pol\u00edtica de Cookies<\/h2><div class=\"wpb_text_column\"><div class=\"wpb_wrapper\"><p>Nota informativa exigida por la Ley 34\/2002 de Servicios de la Sociedad de la Informaci\u00f3n y de Comercio Electr\u00f3nico.<\/p>\n<h3><strong>Definici\u00f3n y funci\u00f3n de las cookies<\/strong><\/h3>\n<p>Las cookies son archivos que se guardan en tu dispositivo (ordenador, smartphone, televisi\u00f3n, tablet) al visitar algunas p\u00e1ginas web. Proporcionan a los sitios web informaci\u00f3n sobre los h\u00e1bitos de navegaci\u00f3n del usuario y pueden usarse para conocerlo.<\/p>\n<p>El navegador del usuario los guarda durante la sesi\u00f3n en el disco duro. Por otro lado, ocupan muy poco y no da\u00f1an el ordenador del usuario. Las cookies no guardan ninguna informaci\u00f3n personal concreta y la mayor\u00eda se eliminan del disco duro cuando se cierra la sesi\u00f3n del navegador.<\/p>\n<p>La mayor\u00eda de los navegadores aceptan cookies como est\u00e1ndar y, mediante ajustes de seguridad, admiten o rechazan cookies temporales y almacenadas en memoria.<\/p>\n<h3><strong>Tipos de cookies<\/strong><\/h3>\n<p>Por gestor:<\/p>\n<ul>\n<li><strong>Cookies propias:<\/strong> son enviadas al equipo terminal de usuario desde un equipo gestionado por el propio editor y utilizado por el usuario para prestar el servicio solicitado.<\/li>\n<li><strong>Cookies de terceros:<\/strong> se env\u00edan al equipo terminal del usuario desde un equipo gestionado por un editor distinto. Quien gestiona el equipo tambi\u00e9n se encarga del tratamiento de los datos obtenidos a trav\u00e9s de las cookies.<\/li>\n<\/ul>\n<p>En funci\u00f3n del tiempo de activaci\u00f3n:<\/p>\n<ul>\n<li><strong>Cookies de sesi\u00f3n:<\/strong> los datos est\u00e1n dise\u00f1ados para ser recogidos y guardados en el momento en que el usuario accede a la web.<\/li>\n<li><strong>Cookies permanentes:<\/strong> los datos recogidos se almacenan en el terminal durante un tiempo determinado. Durante este tiempo puede ser adquirida y trabajada por quien gestiona la cookie.<\/li>\n<\/ul>\n<p>En funci\u00f3n de su finalidad:<\/p>\n<ul>\n<li><strong>Cookies t\u00e9cnicas:<\/strong> permiten al usuario navegar por el sitio web, la plataforma o la aplicaci\u00f3n y utilizar los servicios que ofrece el sitio web. Sus funciones son, por ejemplo, controlar el tr\u00e1fico y la comunicaci\u00f3n de datos, identificar la sesi\u00f3n, acceder a sitios de acceso restringido, recordar los elementos de un pedido, realizar la solicitud de inscripci\u00f3n o participaci\u00f3n en un evento, utilizar elementos de seguridad durante la navegaci\u00f3n, almacenar contenidos para difundir v\u00eddeos o sonidos o compartir contenidos a trav\u00e9s de redes sociales.<\/li>\n<li><strong>Cookies de personalizaci\u00f3n:<\/strong> permiten al usuario acceder al servicio mediante una serie de caracter\u00edsticas predeterminadas, bien por estar en el equipo o por haberlas definido el propio usuario, tales como el idioma, el navegador con el que accede al servicio, el dise\u00f1o de los contenidos seleccionados, la geolocalizaci\u00f3n del terminal y la configuraci\u00f3n de la regi\u00f3n de acceso al servicio.<\/li>\n<li><strong>Cookies de an\u00e1lisis:<\/strong> permiten seguir y analizar el comportamiento del usuario en la web. La informaci\u00f3n recogida a trav\u00e9s de este tipo de cookies se utiliza para medir la actividad del sitio web, de la aplicaci\u00f3n o de la plataforma, as\u00ed como para elaborar perfiles de navegaci\u00f3n de los usuarios para introducir mejoras en el servicio a la vista del uso del servicio por parte de los usuarios.<\/li>\n<li><strong>Cookies publicitarias:<\/strong> permiten gestionar eficazmente la publicidad insertada en la web o aplicaci\u00f3n, teniendo en cuenta, por ejemplo, el contenido editado o la frecuencia de los anuncios.<\/li>\n<li><strong>Cookies publicitarias por comportamiento:<\/strong> permiten una gesti\u00f3n eficaz de la publicidad insertada en la web o aplicaci\u00f3n. En este caso, a trav\u00e9s de la observaci\u00f3n guardan informaci\u00f3n sobre el comportamiento del usuario para desarrollar un perfil concreto de usuario y mostrar uno u otro tipo de publicidad en funci\u00f3n de dicho perfil.<\/li>\n<\/ul>\n<h3><strong>Cookies guardadas en la web:<\/strong><\/h3>\n<p>Cookies de an\u00e1lisis<\/p>\n<p>Adem\u00e1s de las cookies t\u00e9cnicas y de personalizaci\u00f3n imprescindibles, este sitio web guardar\u00e1:<\/p>\n<p>Relaci\u00f3n de cookies utilizadas:<\/p>\n<table width=\"1250\">\n<tbody>\n<tr>\n<td width=\"214\">Cookie<\/td>\n<td width=\"214\">Tipo<\/td>\n<td width=\"214\">Objetivo<\/td>\n<\/tr>\n<tr>\n<td width=\"214\">_utmc<\/td>\n<td width=\"214\">Google Analytics<\/td>\n<td width=\"214\">Medici\u00f3n estad\u00edstica del uso de la web<\/td>\n<\/tr>\n<tr>\n<td width=\"214\">_utma<\/td>\n<td width=\"214\">Google Analytics<\/td>\n<td width=\"214\">Medici\u00f3n estad\u00edstica del uso de la web<\/td>\n<\/tr>\n<tr>\n<td width=\"214\">_utmb<\/td>\n<td width=\"214\">Google Analytics<\/td>\n<td width=\"214\">Medici\u00f3n estad\u00edstica del uso de la web<\/td>\n<\/tr>\n<tr>\n<td width=\"214\">_utmz<\/td>\n<td width=\"214\">Google Analytics<\/td>\n<td width=\"214\">Medici\u00f3n estad\u00edstica del uso de la web<\/td>\n<\/tr>\n<\/tbody>\n<\/table>\n<h3><strong>Configuraci\u00f3n y desconfiguraci\u00f3n de cookies<\/strong><\/h3>\n<p>Le informamos que se puede configurar el navegador para descartar o aceptar las cookies, as\u00ed como para eliminar las cookies una vez cerrado el navegador, equipo o dispositivo.<\/p>\n<p>Las cookies se configuran en los navegadores m\u00e1s extendidos de la siguiente manera:<\/p>\n<p>Firefox&gt;Herramientas &gt;Selecciones&gt;Privacidad &gt;Historial &gt;Configuraci\u00f3n personalizada<br \/>\nGoogle Chrome&gt;Configuraci\u00f3n&gt;Mostrar opciones avanzas&gt;Privaci\u00f3n&gt;Configuraci\u00f3n del contenido&gt;Cookies.<br \/>\nInternet Explorer&gt;Herramientas &gt;Opciones de Internet&gt;Privacidad &gt;Avanzada<br \/>\nSafari&gt;Prioridades&gt;Privacidad<\/p>\n<p>Hay que tener en cuenta que, si el contenido de la web se comparte a trav\u00e9s de las redes sociales, es posible que tambi\u00e9n se recojan cookies de las p\u00e1ginas web de dichas redes sociales. Dado que no podemos controlar los ajustes de las cookies de terceros, recomendamos analizar las p\u00e1ginas web de estos terceros para tener informaci\u00f3n sobre sus cookies y c\u00f3mo gestionarlas.<\/p>\n<h3><strong>Actualizaci\u00f3n y cambio de pol\u00edtica de cookies<\/strong><\/h3>\n<p>La pol\u00edtica de cookies de este sitio web puede modificarse, siempre de acuerdo con las obligaciones legales y con las prescripciones de la Agencia Espa\u00f1ola de Protecci\u00f3n de Datos. Por tanto, recomendamos la lectura peri\u00f3dica de la pol\u00edtica. Cualquier modificaci\u00f3n sustancial se comunicar\u00e1 a los usuarios a trav\u00e9s de la web.<\/p>\n<\/div><\/div>[vc_raw_html]JTVCY29va2llLWNvbnNlbnQtYnV0dG9uJTVE[\/vc_raw_html]<\/div><\/div><\/div><\/div><\/div><\/section>\n","protected":false},"excerpt":{"rendered":"Pol\u00edtica de CookiesNota informativa exigida por la Ley 34\/2002 de Servicios de la Sociedad de la Informaci\u00f3n y de Comercio Electr\u00f3nico. Definici\u00f3n y funci\u00f3n de las cookies Las cookies son archivos que se guardan en tu dispositivo (ordenador, smartphone, televisi\u00f3n, tablet) al visitar algunas p\u00e1ginas web. Proporcionan a los sitios web informaci\u00f3n sobre los h\u00e1bitos...","protected":false},"author":1,"featured_media":0,"parent":0,"menu_order":0,"comment_status":"closed","ping_status":"closed","template":"","meta":{"footnotes":""},"class_list":["post-76","page","type-page","status-publish","hentry"],"_links":{"self":[{"href":"https:\/\/osteopatialeku.eus\/es\/wp-json\/wp\/v2\/pages\/76","targetHints":{"allow":["GET"]}}],"collection":[{"href":"https:\/\/osteopatialeku.eus\/es\/wp-json\/wp\/v2\/pages"}],"about":[{"href":"https:\/\/osteopatialeku.eus\/es\/wp-json\/wp\/v2\/types\/page"}],"author":[{"embeddable":true,"href":"https:\/\/osteopatialeku.eus\/es\/wp-json\/wp\/v2\/users\/1"}],"replies":[{"embeddable":true,"href":"https:\/\/osteopatialeku.eus\/es\/wp-json\/wp\/v2\/comments?post=76"}],"version-history":[{"count":4,"href":"https:\/\/osteopatialeku.eus\/es\/wp-json\/wp\/v2\/pages\/76\/revisions"}],"predecessor-version":[{"id":346,"href":"https:\/\/osteopatialeku.eus\/es\/wp-json\/wp\/v2\/pages\/76\/revisions\/346"}],"wp:attachment":[{"href":"https:\/\/osteopatialeku.eus\/es\/wp-json\/wp\/v2\/media?parent=76"}],"curies":[{"name":"wp","href":"https:\/\/api.w.org\/{rel}","templated":true}]}}