{"id":29,"date":"2023-05-26T11:26:50","date_gmt":"2023-05-26T09:26:50","guid":{"rendered":"https:\/\/osteopatialeku.eus\/?page_id=29"},"modified":"2023-06-16T08:40:43","modified_gmt":"2023-06-16T06:40:43","slug":"origen-de-la-osteopatia","status":"publish","type":"page","link":"https:\/\/osteopatialeku.eus\/es\/origen-de-la-osteopatia\/","title":{"rendered":"Origen de la osteopat\u00eda"},"content":{"rendered":"<section class=\"l-section wpb_row height_medium\"><div class=\"l-section-h i-cf\"><div class=\"g-cols vc_row via_flex valign_top type_default stacking_default\"><div class=\"vc_col-sm-12 wpb_column vc_column_container\"><div class=\"vc_column-inner\"><div class=\"wpb_wrapper\"><h2 class=\"w-post-elm post_title entry-title color_link_inherit\">Origen de la osteopat\u00eda<\/h2><div class=\"w-separator size_medium\"><\/div><div class=\"g-cols wpb_row via_flex valign_top type_default stacking_default\"><div class=\"vc_col-sm-8 wpb_column vc_column_container\"><div class=\"vc_column-inner\"><div class=\"wpb_wrapper\"><div class=\"wpb_text_column\"><div class=\"wpb_wrapper\"><p>La osteopat\u00eda es obra de un m\u00e9dico americano de finales del siglo XIX: Andrew Taylor Still (1828-1917). M\u00e9dico de su tiempo, su incapacidad por salvar a su familia (en pocas semanas perdi\u00f3 4 hijos, 3 por meningitis cerebroespinal y una por neumon\u00eda), y su experiencia cruenta como m\u00e9dico militar, le impulsaron a investigar nuevos y mejores m\u00e9todos curativos. Tras d\u00e9cadas de investigaciones personales, y estudio profundo de la anatom\u00eda y fisiolog\u00eda, desarrolla el m\u00e9todo osteop\u00e1tico, una corriente terap\u00e9utica basada en la estimulaci\u00f3n de los sistemas curativos que posee el propio cuerpo. Lo aplica por primera vez en 1874. En 1892 funda la primera escuela de osteopat\u00eda del mundo: \u201cThe American School of Osteopathy\u201d en Kirksville-Missouri, donde a\u00fan existe.<\/p>\n<p>Inseparable de Still en el concepto y desarrollo de la osteopat\u00eda est\u00e1 William Garner Shutherland (1873-1954), persona clave para la osteopat\u00eda. Sus investigaciones le llevaron a descubrir una movilidad pasiva entre los huesos del cr\u00e1neo, que en sincron\u00eda con el resto del cuerpo, le hizo pensar en algo que Still ya intu\u00eda. Lo llam\u00f3 impulso r\u00edtmico craneal (IRC), y as\u00ed descubri\u00f3 el mecanismo respiratorio primario (MRP), un sistema interconectado de tejidos y fluidos.<\/p>\n<\/div><\/div><\/div><\/div><\/div><div class=\"vc_col-sm-4 wpb_column vc_column_container\"><div class=\"vc_column-inner\"><div class=\"wpb_wrapper\"><div class=\"w-image has_ratio align_none\"><div class=\"w-image-h\"><div style=\"padding-bottom:100%\"><\/div><img decoding=\"async\" width=\"1024\" height=\"683\" src=\"https:\/\/osteopatialeku.eus\/wp-content\/uploads\/2023\/06\/TB-BUK-AUK-3613-copia-1024x683.jpg\" class=\"attachment-large size-large\" alt=\"\" loading=\"lazy\" srcset=\"https:\/\/osteopatialeku.eus\/wp-content\/uploads\/2023\/06\/TB-BUK-AUK-3613-copia-1024x683.jpg 1024w, https:\/\/osteopatialeku.eus\/wp-content\/uploads\/2023\/06\/TB-BUK-AUK-3613-copia-300x200.jpg 300w, https:\/\/osteopatialeku.eus\/wp-content\/uploads\/2023\/06\/TB-BUK-AUK-3613-copia.jpg 1250w\" sizes=\"auto, (max-width: 1024px) 100vw, 1024px\" \/><\/div><\/div><\/div><\/div><\/div><\/div><\/div><\/div><\/div><\/div><\/div><\/section><section class=\"l-section wpb_row height_medium\"><div class=\"l-section-h i-cf\"><div class=\"g-cols vc_row via_flex valign_top type_default stacking_default\"><div class=\"vc_col-sm-12 wpb_column vc_column_container\"><div class=\"vc_column-inner\"><div class=\"wpb_wrapper\"><div class=\"w-btn-wrapper align_right\"><a class=\"w-btn us-btn-style_2 icon_atleft\" title=\"Hasiera\" href=\"\/es\/#comotrabajamos\"><i class=\"fas fa-arrow-left\"><\/i><span class=\"w-btn-label\">Atr\u00e1s<\/span><\/a><\/div><\/div><\/div><\/div><\/div><\/div><\/section>\n","protected":false},"excerpt":{"rendered":"Origen de la osteopat\u00edaLa osteopat\u00eda es obra de un m\u00e9dico americano de finales del siglo XIX: Andrew Taylor Still (1828-1917). M\u00e9dico de su tiempo, su incapacidad por salvar a su familia (en pocas semanas perdi\u00f3 4 hijos, 3 por meningitis cerebroespinal y una por neumon\u00eda), y su experiencia cruenta como m\u00e9dico militar, le impulsaron a...","protected":false},"author":1,"featured_media":0,"parent":0,"menu_order":0,"comment_status":"closed","ping_status":"closed","template":"","meta":{"footnotes":""},"class_list":["post-29","page","type-page","status-publish","hentry"],"_links":{"self":[{"href":"https:\/\/osteopatialeku.eus\/es\/wp-json\/wp\/v2\/pages\/29","targetHints":{"allow":["GET"]}}],"collection":[{"href":"https:\/\/osteopatialeku.eus\/es\/wp-json\/wp\/v2\/pages"}],"about":[{"href":"https:\/\/osteopatialeku.eus\/es\/wp-json\/wp\/v2\/types\/page"}],"author":[{"embeddable":true,"href":"https:\/\/osteopatialeku.eus\/es\/wp-json\/wp\/v2\/users\/1"}],"replies":[{"embeddable":true,"href":"https:\/\/osteopatialeku.eus\/es\/wp-json\/wp\/v2\/comments?post=29"}],"version-history":[{"count":8,"href":"https:\/\/osteopatialeku.eus\/es\/wp-json\/wp\/v2\/pages\/29\/revisions"}],"predecessor-version":[{"id":310,"href":"https:\/\/osteopatialeku.eus\/es\/wp-json\/wp\/v2\/pages\/29\/revisions\/310"}],"wp:attachment":[{"href":"https:\/\/osteopatialeku.eus\/es\/wp-json\/wp\/v2\/media?parent=29"}],"curies":[{"name":"wp","href":"https:\/\/api.w.org\/{rel}","templated":true}]}}